{"id":7,"date":"2024-05-24T18:01:12","date_gmt":"2024-05-24T18:01:12","guid":{"rendered":"http:\/\/guvencehd.org.tr\/MAK\/?page_id=7"},"modified":"2025-06-27T16:21:40","modified_gmt":"2025-06-27T16:21:40","slug":"ana-sayfa","status":"publish","type":"page","link":"http:\/\/guvencehd.org.tr\/MAK\/","title":{"rendered":"Ana Sayfa"},"content":{"rendered":"\t\t<div data-elementor-type=\"wp-page\" data-elementor-id=\"7\" class=\"elementor elementor-7\">\n\t\t\t\t<div class=\"elementor-element elementor-element-bce6f79 e-flex e-con-boxed e-con e-parent\" data-id=\"bce6f79\" data-element_type=\"container\" data-e-type=\"container\">\n\t\t\t\t\t<div class=\"e-con-inner\">\n\t\t<div class=\"elementor-element elementor-element-9dda011 e-con-full e-flex e-con e-child\" data-id=\"9dda011\" data-element_type=\"container\" data-e-type=\"container\">\n\t\t\t\t<div class=\"elementor-element elementor-element-7e10eac elementor-widget elementor-widget-image\" data-id=\"7e10eac\" data-element_type=\"widget\" data-e-type=\"widget\" data-widget_type=\"image.default\">\n\t\t\t\t<div class=\"elementor-widget-container\">\n\t\t\t\t\t\t\t\t\t\t\t\t\t\t\t<img fetchpriority=\"high\" decoding=\"async\" width=\"437\" height=\"1024\" src=\"https:\/\/guvencehd.org.tr\/MAK\/wp-content\/uploads\/2024\/05\/Rollup-437x1024.png\" class=\"attachment-large size-large wp-image-243\" alt=\"\" srcset=\"https:\/\/guvencehd.org.tr\/MAK\/wp-content\/uploads\/2024\/05\/Rollup-437x1024.png 437w, https:\/\/guvencehd.org.tr\/MAK\/wp-content\/uploads\/2024\/05\/Rollup-128x300.png 128w, https:\/\/guvencehd.org.tr\/MAK\/wp-content\/uploads\/2024\/05\/Rollup-768x1800.png 768w, https:\/\/guvencehd.org.tr\/MAK\/wp-content\/uploads\/2024\/05\/Rollup-655x1536.png 655w, https:\/\/guvencehd.org.tr\/MAK\/wp-content\/uploads\/2024\/05\/Rollup-874x2048.png 874w, https:\/\/guvencehd.org.tr\/MAK\/wp-content\/uploads\/2024\/05\/Rollup.png 1608w\" sizes=\"(max-width: 437px) 100vw, 437px\" \/>\t\t\t\t\t\t\t\t\t\t\t\t\t\t\t<\/div>\n\t\t\t\t<\/div>\n\t\t\t\t<\/div>\n\t\t<div class=\"elementor-element elementor-element-d15f79c e-con-full e-flex e-con e-child\" data-id=\"d15f79c\" data-element_type=\"container\" data-e-type=\"container\">\n\t\t\t\t<div class=\"elementor-element elementor-element-b564ca0 elementor-widget elementor-widget-text-editor\" data-id=\"b564ca0\" data-element_type=\"widget\" data-e-type=\"widget\" data-widget_type=\"text-editor.default\">\n\t\t\t\t<div class=\"elementor-widget-container\">\n\t\t\t\t\t\t\t\t\t<p class=\"cvGsUA direction-ltr align-justify para-style-body\"><strong><span class=\"OYPEnA font-feature-liga-off font-feature-clig-off font-feature-calt-off text-decoration-none text-strikethrough-none\">Muhasebede Arama Konferanslar\u0131 (MAK);<\/span><\/strong><\/p><p class=\"cvGsUA direction-ltr align-justify para-style-body\"><span class=\"OYPEnA font-feature-liga-off font-feature-clig-off font-feature-calt-off text-decoration-none text-strikethrough-none\">Muhasebe bilim alan\u0131 ile do\u011frudan veya ili\u015fkili alanlarda \u00e7al\u0131\u015fan akademisyenlerin ve pratisyenlerin bir araya geldi\u011fi ve belirlenmi\u015f olan tema \u00e7er\u00e7evesinde ortak ak\u0131l yaratmay\u0131 ama\u00e7layan, yap\u0131land\u0131r\u0131lm\u0131\u015f, s\u0131n\u0131rl\u0131 kat\u0131l\u0131ml\u0131 ve bi\u00e7imsel olmayan bir etkinliktir.<\/span><\/p><p class=\"cvGsUA direction-ltr align-justify para-style-body\"><span class=\"OYPEnA font-feature-liga-off font-feature-clig-off font-feature-calt-off text-decoration-none text-strikethrough-none\">MAK\u2019ta; mevcut durumun tespitinin yan\u0131 s\u0131ra gelece\u011fin ideallerini ortaya \u00e7\u0131kartacak yarat\u0131c\u0131 stratejilerin, ortak ak\u0131l ve i\u015fbirli\u011fi temelinde tasarlanmas\u0131 esast\u0131r. Kat\u0131l\u0131mc\u0131lar\u0131n bilimsel i\u015fbirli\u011finin \u00f6tesinde, sosyal etkile\u015fimi de \u00f6ncelenir.<\/span><\/p><p>\u00a0<\/p><p><a href=\"https:\/\/guvencehd.org.tr\/MAK3\/\"><strong>III. Muhasebe Arama Konferans\u0131<\/strong><\/a><\/p><p>29 Ekim &#8211; 1 Kas\u0131m 2025 &#8211; Tokat<\/p><p>\u00a0<\/p><div><p><a href=\"https:\/\/guvencehd.org.tr\/MAK2\/\"><strong>II. Muhasebe Arama Konferans\u0131<\/strong><\/a><\/p><p>26-28 Ekim 2024 &#8211; Eski\u015fehir<\/p><p>\u00a0<\/p><\/div><div><div><p><a href=\"https:\/\/guvencehd.org.tr\/MAK1\/\"><strong>I. Muhasebe Arama Konferans\u0131<\/strong><\/a><\/p><p>10-12 Kas\u0131m 2023 &#8211; Konya<\/p><\/div><\/div>\t\t\t\t\t\t\t\t<\/div>\n\t\t\t\t<\/div>\n\t\t\t\t<\/div>\n\t\t\t\t\t<\/div>\n\t\t\t\t<\/div>\n\t\t<div class=\"elementor-element elementor-element-edc9037 e-flex e-con-boxed e-con e-parent\" data-id=\"edc9037\" data-element_type=\"container\" data-e-type=\"container\">\n\t\t\t\t\t<div class=\"e-con-inner\">\n\t\t\t\t\t<\/div>\n\t\t\t\t<\/div>\n\t\t\t\t<\/div>\n\t\t","protected":false},"excerpt":{"rendered":"<p>Muhasebede Arama Konferanslar\u0131 (MAK); Muhasebe bilim alan\u0131 ile do\u011frudan veya ili\u015fkili alanlarda \u00e7al\u0131\u015fan akademisyenlerin ve pratisyenlerin bir araya geldi\u011fi ve belirlenmi\u015f olan tema \u00e7er\u00e7evesinde ortak&hellip;<\/p>\n","protected":false},"author":1,"featured_media":0,"parent":0,"menu_order":0,"comment_status":"closed","ping_status":"closed","template":"","meta":{"footnotes":""},"class_list":["post-7","page","type-page","status-publish","hentry"],"_links":{"self":[{"href":"http:\/\/guvencehd.org.tr\/MAK\/wp-json\/wp\/v2\/pages\/7","targetHints":{"allow":["GET"]}}],"collection":[{"href":"http:\/\/guvencehd.org.tr\/MAK\/wp-json\/wp\/v2\/pages"}],"about":[{"href":"http:\/\/guvencehd.org.tr\/MAK\/wp-json\/wp\/v2\/types\/page"}],"author":[{"embeddable":true,"href":"http:\/\/guvencehd.org.tr\/MAK\/wp-json\/wp\/v2\/users\/1"}],"replies":[{"embeddable":true,"href":"http:\/\/guvencehd.org.tr\/MAK\/wp-json\/wp\/v2\/comments?post=7"}],"version-history":[{"count":118,"href":"http:\/\/guvencehd.org.tr\/MAK\/wp-json\/wp\/v2\/pages\/7\/revisions"}],"predecessor-version":[{"id":664,"href":"http:\/\/guvencehd.org.tr\/MAK\/wp-json\/wp\/v2\/pages\/7\/revisions\/664"}],"wp:attachment":[{"href":"http:\/\/guvencehd.org.tr\/MAK\/wp-json\/wp\/v2\/media?parent=7"}],"curies":[{"name":"wp","href":"https:\/\/api.w.org\/{rel}","templated":true}]}}