{"id":56,"date":"2024-05-25T11:25:22","date_gmt":"2024-05-25T11:25:22","guid":{"rendered":"http:\/\/guvencehd.org.tr\/MAK\/?page_id=56"},"modified":"2024-06-12T19:43:06","modified_gmt":"2024-06-12T19:43:06","slug":"mudep","status":"publish","type":"page","link":"http:\/\/guvencehd.org.tr\/MAK\/mudep\/","title":{"rendered":"\u0130leti\u015fim"},"content":{"rendered":"\t\t<div data-elementor-type=\"wp-page\" data-elementor-id=\"56\" class=\"elementor elementor-56\">\n\t\t\t\t<div class=\"elementor-element elementor-element-8df1698 e-flex e-con-boxed e-con e-parent\" data-id=\"8df1698\" data-element_type=\"container\" data-e-type=\"container\">\n\t\t\t\t\t<div class=\"e-con-inner\">\n\t\t\t\t<div class=\"elementor-element elementor-element-1c099df elementor-widget elementor-widget-text-editor\" data-id=\"1c099df\" data-element_type=\"widget\" data-e-type=\"widget\" data-widget_type=\"text-editor.default\">\n\t\t\t\t<div class=\"elementor-widget-container\">\n\t\t\t\t\t\t\t\t\t<div><span style=\"text-decoration: underline;\"><em><strong>\u0130leti\u015fim \u0130\u00e7in:<\/strong><\/em><\/span><\/div><div><span style=\"text-decoration: underline; color: #000080;\"><strong>MuhasebeAramaKonferansi@gmail.com<\/strong><\/span><\/div><div>\u00a0<\/div>\t\t\t\t\t\t\t\t<\/div>\n\t\t\t\t<\/div>\n\t\t\t\t\t<\/div>\n\t\t\t\t<\/div>\n\t\t\t\t<\/div>\n\t\t","protected":false},"excerpt":{"rendered":"<p>\u0130leti\u015fim \u0130\u00e7in:MuhasebeAramaKonferansi@gmail.com\u00a0<\/p>\n","protected":false},"author":1,"featured_media":0,"parent":0,"menu_order":0,"comment_status":"closed","ping_status":"closed","template":"","meta":{"footnotes":""},"class_list":["post-56","page","type-page","status-publish","hentry"],"_links":{"self":[{"href":"http:\/\/guvencehd.org.tr\/MAK\/wp-json\/wp\/v2\/pages\/56","targetHints":{"allow":["GET"]}}],"collection":[{"href":"http:\/\/guvencehd.org.tr\/MAK\/wp-json\/wp\/v2\/pages"}],"about":[{"href":"http:\/\/guvencehd.org.tr\/MAK\/wp-json\/wp\/v2\/types\/page"}],"author":[{"embeddable":true,"href":"http:\/\/guvencehd.org.tr\/MAK\/wp-json\/wp\/v2\/users\/1"}],"replies":[{"embeddable":true,"href":"http:\/\/guvencehd.org.tr\/MAK\/wp-json\/wp\/v2\/comments?post=56"}],"version-history":[{"count":5,"href":"http:\/\/guvencehd.org.tr\/MAK\/wp-json\/wp\/v2\/pages\/56\/revisions"}],"predecessor-version":[{"id":421,"href":"http:\/\/guvencehd.org.tr\/MAK\/wp-json\/wp\/v2\/pages\/56\/revisions\/421"}],"wp:attachment":[{"href":"http:\/\/guvencehd.org.tr\/MAK\/wp-json\/wp\/v2\/media?parent=56"}],"curies":[{"name":"wp","href":"https:\/\/api.w.org\/{rel}","templated":true}]}}